{"id":842,"date":"2024-09-26T10:31:20","date_gmt":"2024-09-26T08:31:20","guid":{"rendered":"https:\/\/ivonavacances.fr\/?page_id=842"},"modified":"2024-09-26T11:35:14","modified_gmt":"2024-09-26T09:35:14","slug":"la-maison-castor","status":"publish","type":"page","link":"https:\/\/ivonavacances.fr\/?page_id=842","title":{"rendered":"La maison Castor"},"content":{"rendered":"<p><iframe loading=\"lazy\" id=\"bookingengine\" style=\"display: block;\" src=\"https:\/\/app.superhote.com\/#\/rental\/propertyKey27slTCqAb8TtRYy2bJJT1iI7l\" width=\"100%\" height=\"3879\" frameborder=\"0\" sandbox=\"allow-scripts allow-forms allow-same-origin allow-presentation\" allowfullscreen=\"allowfullscreen\"><\/iframe><\/p>\n","protected":false},"excerpt":{"rendered":"<p>Cette maison spacieuse vous offre 4 chambres confortables \u00e9quip\u00e9es de lits Queen size, ainsi qu&rsquo;un canap\u00e9-lit suppl\u00e9mentaire pour accueillir tout le monde (l&rsquo;une des chambres poss\u00e8de 2 lits que l&rsquo;on peut s\u00e9parer ou r\u00e9unir). Profitez de deux salons, dont l&rsquo;un est transform\u00e9 en v\u00e9ritable salon cin\u00e9ma, pour des soir\u00e9es films cosy inoubliables (home cin\u00e9ma, machine \u00e0 Pop corn et Netflix !)<\/p>\n","protected":false},"author":1,"featured_media":832,"parent":366,"menu_order":0,"comment_status":"closed","ping_status":"closed","template":"template-full-width-page.php","meta":{"footnotes":""},"class_list":["post-842","page","type-page","status-publish","has-post-thumbnail","hentry"],"yoast_head":"<!-- This site is optimized with the Yoast SEO plugin v23.7 - https:\/\/yoast.com\/wordpress\/plugins\/seo\/ -->\n<title>La maison Castor -<\/title>\n<meta name=\"description\" content=\"Grand maison familiale 12 personnes \u00e0 louer sur Mimizan. Piscine, billard et jeux !\" \/>\n<meta name=\"robots\" content=\"index, follow, max-snippet:-1, max-image-preview:large, max-video-preview:-1\" \/>\n<link rel=\"canonical\" href=\"https:\/\/ivonavacances.fr\/?page_id=842\" \/>\n<meta property=\"og:locale\" content=\"fr_FR\" \/>\n<meta property=\"og:type\" content=\"article\" \/>\n<meta property=\"og:title\" content=\"La maison Castor -\" \/>\n<meta property=\"og:description\" content=\"Grand maison familiale 12 personnes \u00e0 louer sur Mimizan. Piscine, billard et jeux !\" \/>\n<meta property=\"og:url\" content=\"https:\/\/ivonavacances.fr\/?page_id=842\" \/>\n<meta property=\"article:publisher\" content=\"https:\/\/www.facebook.com\/p\/Les-Cabanes-Ivona-100063381480051\/\" \/>\n<meta property=\"article:modified_time\" content=\"2024-09-26T09:35:14+00:00\" \/>\n<meta property=\"og:image\" content=\"https:\/\/ivonavacances.fr\/wp-content\/uploads\/2024\/09\/Mimizan_Plage-0092-__Copier_.jpg\" \/>\n\t<meta property=\"og:image:width\" content=\"1200\" \/>\n\t<meta property=\"og:image:height\" content=\"900\" \/>\n\t<meta property=\"og:image:type\" content=\"image\/jpeg\" \/>\n<meta name=\"twitter:card\" content=\"summary_large_image\" \/>\n<meta name=\"twitter:label1\" content=\"Dur\u00e9e de lecture estim\u00e9e\" \/>\n\t<meta name=\"twitter:data1\" content=\"1 minute\" \/>\n<script type=\"application\/ld+json\" class=\"yoast-schema-graph\">{\"@context\":\"https:\/\/schema.org\",\"@graph\":[{\"@type\":\"WebPage\",\"@id\":\"https:\/\/ivonavacances.fr\/?page_id=842\",\"url\":\"https:\/\/ivonavacances.fr\/?page_id=842\",\"name\":\"La maison Castor -\",\"isPartOf\":{\"@id\":\"https:\/\/ivonavacances.fr\/#website\"},\"primaryImageOfPage\":{\"@id\":\"https:\/\/ivonavacances.fr\/?page_id=842#primaryimage\"},\"image\":{\"@id\":\"https:\/\/ivonavacances.fr\/?page_id=842#primaryimage\"},\"thumbnailUrl\":\"https:\/\/i0.wp.com\/ivonavacances.fr\/wp-content\/uploads\/2024\/09\/Mimizan_Plage-0092-__Copier_.jpg?fit=1200%2C900&ssl=1\",\"datePublished\":\"2024-09-26T08:31:20+00:00\",\"dateModified\":\"2024-09-26T09:35:14+00:00\",\"description\":\"Grand maison familiale 12 personnes \u00e0 louer sur Mimizan. Piscine, billard et jeux !\",\"breadcrumb\":{\"@id\":\"https:\/\/ivonavacances.fr\/?page_id=842#breadcrumb\"},\"inLanguage\":\"fr-FR\",\"potentialAction\":[{\"@type\":\"ReadAction\",\"target\":[\"https:\/\/ivonavacances.fr\/?page_id=842\"]}]},{\"@type\":\"ImageObject\",\"inLanguage\":\"fr-FR\",\"@id\":\"https:\/\/ivonavacances.fr\/?page_id=842#primaryimage\",\"url\":\"https:\/\/i0.wp.com\/ivonavacances.fr\/wp-content\/uploads\/2024\/09\/Mimizan_Plage-0092-__Copier_.jpg?fit=1200%2C900&ssl=1\",\"contentUrl\":\"https:\/\/i0.wp.com\/ivonavacances.fr\/wp-content\/uploads\/2024\/09\/Mimizan_Plage-0092-__Copier_.jpg?fit=1200%2C900&ssl=1\",\"width\":1200,\"height\":900},{\"@type\":\"BreadcrumbList\",\"@id\":\"https:\/\/ivonavacances.fr\/?page_id=842#breadcrumb\",\"itemListElement\":[{\"@type\":\"ListItem\",\"position\":1,\"name\":\"Accueil\",\"item\":\"https:\/\/ivonavacances.fr\/\"},{\"@type\":\"ListItem\",\"position\":2,\"name\":\"Book Online\",\"item\":\"https:\/\/ivonavacances.fr\/?page_id=366\"},{\"@type\":\"ListItem\",\"position\":3,\"name\":\"La maison Castor\"}]},{\"@type\":\"WebSite\",\"@id\":\"https:\/\/ivonavacances.fr\/#website\",\"url\":\"https:\/\/ivonavacances.fr\/\",\"name\":\"www.lescabanesivona.fr\",\"description\":\"Maisons de Vacances \u00e0 louer\",\"publisher\":{\"@id\":\"https:\/\/ivonavacances.fr\/#organization\"},\"potentialAction\":[{\"@type\":\"SearchAction\",\"target\":{\"@type\":\"EntryPoint\",\"urlTemplate\":\"https:\/\/ivonavacances.fr\/?s={search_term_string}\"},\"query-input\":{\"@type\":\"PropertyValueSpecification\",\"valueRequired\":true,\"valueName\":\"search_term_string\"}}],\"inLanguage\":\"fr-FR\"},{\"@type\":\"Organization\",\"@id\":\"https:\/\/ivonavacances.fr\/#organization\",\"name\":\"Ivona Vacances\",\"url\":\"https:\/\/ivonavacances.fr\/\",\"logo\":{\"@type\":\"ImageObject\",\"inLanguage\":\"fr-FR\",\"@id\":\"https:\/\/ivonavacances.fr\/#\/schema\/logo\/image\/\",\"url\":\"https:\/\/i0.wp.com\/ivonavacances.fr\/wp-content\/uploads\/2023\/11\/cropped-logo.png?fit=530%2C530&ssl=1\",\"contentUrl\":\"https:\/\/i0.wp.com\/ivonavacances.fr\/wp-content\/uploads\/2023\/11\/cropped-logo.png?fit=530%2C530&ssl=1\",\"width\":530,\"height\":530,\"caption\":\"Ivona Vacances\"},\"image\":{\"@id\":\"https:\/\/ivonavacances.fr\/#\/schema\/logo\/image\/\"},\"sameAs\":[\"https:\/\/www.facebook.com\/p\/Les-Cabanes-Ivona-100063381480051\/\",\"https:\/\/www.instagram.com\/ivona_vacances\"]}]}<\/script>\n<!-- \/ Yoast SEO plugin. -->","yoast_head_json":{"title":"La maison Castor -","description":"Grand maison familiale 12 personnes \u00e0 louer sur Mimizan. Piscine, billard et jeux !","robots":{"index":"index","follow":"follow","max-snippet":"max-snippet:-1","max-image-preview":"max-image-preview:large","max-video-preview":"max-video-preview:-1"},"canonical":"https:\/\/ivonavacances.fr\/?page_id=842","og_locale":"fr_FR","og_type":"article","og_title":"La maison Castor -","og_description":"Grand maison familiale 12 personnes \u00e0 louer sur Mimizan. Piscine, billard et jeux !","og_url":"https:\/\/ivonavacances.fr\/?page_id=842","article_publisher":"https:\/\/www.facebook.com\/p\/Les-Cabanes-Ivona-100063381480051\/","article_modified_time":"2024-09-26T09:35:14+00:00","og_image":[{"width":1200,"height":900,"url":"https:\/\/ivonavacances.fr\/wp-content\/uploads\/2024\/09\/Mimizan_Plage-0092-__Copier_.jpg","type":"image\/jpeg"}],"twitter_card":"summary_large_image","twitter_misc":{"Dur\u00e9e de lecture estim\u00e9e":"1 minute"},"schema":{"@context":"https:\/\/schema.org","@graph":[{"@type":"WebPage","@id":"https:\/\/ivonavacances.fr\/?page_id=842","url":"https:\/\/ivonavacances.fr\/?page_id=842","name":"La maison Castor -","isPartOf":{"@id":"https:\/\/ivonavacances.fr\/#website"},"primaryImageOfPage":{"@id":"https:\/\/ivonavacances.fr\/?page_id=842#primaryimage"},"image":{"@id":"https:\/\/ivonavacances.fr\/?page_id=842#primaryimage"},"thumbnailUrl":"https:\/\/i0.wp.com\/ivonavacances.fr\/wp-content\/uploads\/2024\/09\/Mimizan_Plage-0092-__Copier_.jpg?fit=1200%2C900&ssl=1","datePublished":"2024-09-26T08:31:20+00:00","dateModified":"2024-09-26T09:35:14+00:00","description":"Grand maison familiale 12 personnes \u00e0 louer sur Mimizan. Piscine, billard et jeux !","breadcrumb":{"@id":"https:\/\/ivonavacances.fr\/?page_id=842#breadcrumb"},"inLanguage":"fr-FR","potentialAction":[{"@type":"ReadAction","target":["https:\/\/ivonavacances.fr\/?page_id=842"]}]},{"@type":"ImageObject","inLanguage":"fr-FR","@id":"https:\/\/ivonavacances.fr\/?page_id=842#primaryimage","url":"https:\/\/i0.wp.com\/ivonavacances.fr\/wp-content\/uploads\/2024\/09\/Mimizan_Plage-0092-__Copier_.jpg?fit=1200%2C900&ssl=1","contentUrl":"https:\/\/i0.wp.com\/ivonavacances.fr\/wp-content\/uploads\/2024\/09\/Mimizan_Plage-0092-__Copier_.jpg?fit=1200%2C900&ssl=1","width":1200,"height":900},{"@type":"BreadcrumbList","@id":"https:\/\/ivonavacances.fr\/?page_id=842#breadcrumb","itemListElement":[{"@type":"ListItem","position":1,"name":"Accueil","item":"https:\/\/ivonavacances.fr\/"},{"@type":"ListItem","position":2,"name":"Book Online","item":"https:\/\/ivonavacances.fr\/?page_id=366"},{"@type":"ListItem","position":3,"name":"La maison Castor"}]},{"@type":"WebSite","@id":"https:\/\/ivonavacances.fr\/#website","url":"https:\/\/ivonavacances.fr\/","name":"www.lescabanesivona.fr","description":"Maisons de Vacances \u00e0 louer","publisher":{"@id":"https:\/\/ivonavacances.fr\/#organization"},"potentialAction":[{"@type":"SearchAction","target":{"@type":"EntryPoint","urlTemplate":"https:\/\/ivonavacances.fr\/?s={search_term_string}"},"query-input":{"@type":"PropertyValueSpecification","valueRequired":true,"valueName":"search_term_string"}}],"inLanguage":"fr-FR"},{"@type":"Organization","@id":"https:\/\/ivonavacances.fr\/#organization","name":"Ivona Vacances","url":"https:\/\/ivonavacances.fr\/","logo":{"@type":"ImageObject","inLanguage":"fr-FR","@id":"https:\/\/ivonavacances.fr\/#\/schema\/logo\/image\/","url":"https:\/\/i0.wp.com\/ivonavacances.fr\/wp-content\/uploads\/2023\/11\/cropped-logo.png?fit=530%2C530&ssl=1","contentUrl":"https:\/\/i0.wp.com\/ivonavacances.fr\/wp-content\/uploads\/2023\/11\/cropped-logo.png?fit=530%2C530&ssl=1","width":530,"height":530,"caption":"Ivona Vacances"},"image":{"@id":"https:\/\/ivonavacances.fr\/#\/schema\/logo\/image\/"},"sameAs":["https:\/\/www.facebook.com\/p\/Les-Cabanes-Ivona-100063381480051\/","https:\/\/www.instagram.com\/ivona_vacances"]}]}},"jetpack_sharing_enabled":true,"_links":{"self":[{"href":"https:\/\/ivonavacances.fr\/index.php?rest_route=\/wp\/v2\/pages\/842","targetHints":{"allow":["GET"]}}],"collection":[{"href":"https:\/\/ivonavacances.fr\/index.php?rest_route=\/wp\/v2\/pages"}],"about":[{"href":"https:\/\/ivonavacances.fr\/index.php?rest_route=\/wp\/v2\/types\/page"}],"author":[{"embeddable":true,"href":"https:\/\/ivonavacances.fr\/index.php?rest_route=\/wp\/v2\/users\/1"}],"replies":[{"embeddable":true,"href":"https:\/\/ivonavacances.fr\/index.php?rest_route=%2Fwp%2Fv2%2Fcomments&post=842"}],"version-history":[{"count":3,"href":"https:\/\/ivonavacances.fr\/index.php?rest_route=\/wp\/v2\/pages\/842\/revisions"}],"predecessor-version":[{"id":846,"href":"https:\/\/ivonavacances.fr\/index.php?rest_route=\/wp\/v2\/pages\/842\/revisions\/846"}],"up":[{"embeddable":true,"href":"https:\/\/ivonavacances.fr\/index.php?rest_route=\/wp\/v2\/pages\/366"}],"wp:featuredmedia":[{"embeddable":true,"href":"https:\/\/ivonavacances.fr\/index.php?rest_route=\/wp\/v2\/media\/832"}],"wp:attachment":[{"href":"https:\/\/ivonavacances.fr\/index.php?rest_route=%2Fwp%2Fv2%2Fmedia&parent=842"}],"curies":[{"name":"wp","href":"https:\/\/api.w.org\/{rel}","templated":true}]}}